{"id":9,"date":"2018-01-29T16:11:27","date_gmt":"2018-01-29T15:11:27","guid":{"rendered":"https:\/\/veldbachschrecken.de\/wordpress\/?page_id=9"},"modified":"2018-01-30T20:00:54","modified_gmt":"2018-01-30T19:00:54","slug":"termine","status":"publish","type":"page","link":"https:\/\/veldbachschrecken.de\/?page_id=9","title":{"rendered":"Termine 2018"},"content":{"rendered":"<p>05.01.18 (Fr) Rauhnachsfeuer Sasbach Lochmatt Druden<\/p>\n<p>06.01.18 (Sa) Fasnachtser\u00f6ffnung Oberjesingen NZ Oberjesingen<\/p>\n<p>12.01.18 (Fr) Nacht der Teufel Kappelwindeck B\u00fchler Quetschenteufel<\/p>\n<p>13.01.18 (Sa) Narrenbaumstellen&amp;Party Greffern Greffner Waldm\u00e4nnle<\/p>\n<p>19.01.18 (Fr) Brauchtumsabend Vimbuch Guggemusik Sondbachschlorbe<\/p>\n<p>20.01.18 (Sa) Hexenball Lauf Laufer Groddeloch Hexen<\/p>\n<p>26.01.18 (Fr) Narrenbaumstellen Bische Pfannenschleckerzunft<\/p>\n<p>27.01.18 (Sa) Daiflsnacht M\u00f6sbach M\u00e4schbacher Gassedaifl<\/p>\n<p>02.02.18 (Fr) Brauchtumsabend Memfis Muckezeffner Sackgesichter<\/p>\n<p>03.02.18 (Sa) Umzug Freudenstadt NZ Freudenstadt<\/p>\n<p>03.02.18 (Sa) Carneval in Rio \u00d6nsbach Hellauen<\/p>\n<p>04.02.18 (S0) Umzug Kehl F\u00f6Ve Kehler Fasnacht<\/p>\n<p>08.02.18 (Do) Narrenwecken Achern NZ Veldbachschrecken<\/p>\n<p>08.02.18 (Do) Hexenball Willst\u00e4tt Willst\u00e4tter Hexen<\/p>\n<p>09.02.18 (Fr) Hexenball Ebersweier Feuerhexen Ebersweier<\/p>\n<p>10.02.18 (Sa) Umzug Weitenung<\/p>\n<p>10.02.18 (Sa) Hexen Tanz Open Air Schramberg Falkenhexen<\/p>\n<p>11.02.18 (So) Umzug B\u00fchl<\/p>\n<p>11.02.18 (So) Hexenball Neusatz Immenstein Hexen<\/p>\n<p>12.02.18 (Mo) Umzug St.Blasien NZ Gaudi Hans<\/p>\n<p>12.02.18 (Mo) L\u00f6schzwergeball Achern<\/p>\n<p>13.02.18 (Di) Umzug Achern<\/p>\n<p>18.02.18 (So) Umzug Weil am Rhein IG Weiler Strasenfasnacht<\/p>\n","protected":false},"excerpt":{"rendered":"<p>05.01.18 (Fr) Rauhnachsfeuer Sasbach Lochmatt Druden 06.01.18 (Sa) Fasnachtser\u00f6ffnung Oberjesingen NZ Oberjesingen 12.01.18 (Fr) Nacht der Teufel Kappelwindeck B\u00fchler Quetschenteufel 13.01.18 (Sa) Narrenbaumstellen&amp;Party Greffern Greffner Waldm\u00e4nnle 19.01.18 (Fr) Brauchtumsabend Vimbuch Guggemusik Sondbachschlorbe 20.01.18 (Sa) Hexenball &hellip;<\/p>\n","protected":false},"author":4,"featured_media":0,"parent":0,"menu_order":0,"comment_status":"closed","ping_status":"closed","template":"","meta":{"ngg_post_thumbnail":0,"footnotes":""},"class_list":["post-9","page","type-page","status-publish","hentry"],"_links":{"self":[{"href":"https:\/\/veldbachschrecken.de\/index.php?rest_route=\/wp\/v2\/pages\/9","targetHints":{"allow":["GET"]}}],"collection":[{"href":"https:\/\/veldbachschrecken.de\/index.php?rest_route=\/wp\/v2\/pages"}],"about":[{"href":"https:\/\/veldbachschrecken.de\/index.php?rest_route=\/wp\/v2\/types\/page"}],"author":[{"embeddable":true,"href":"https:\/\/veldbachschrecken.de\/index.php?rest_route=\/wp\/v2\/users\/4"}],"replies":[{"embeddable":true,"href":"https:\/\/veldbachschrecken.de\/index.php?rest_route=%2Fwp%2Fv2%2Fcomments&post=9"}],"version-history":[{"count":5,"href":"https:\/\/veldbachschrecken.de\/index.php?rest_route=\/wp\/v2\/pages\/9\/revisions"}],"predecessor-version":[{"id":818,"href":"https:\/\/veldbachschrecken.de\/index.php?rest_route=\/wp\/v2\/pages\/9\/revisions\/818"}],"wp:attachment":[{"href":"https:\/\/veldbachschrecken.de\/index.php?rest_route=%2Fwp%2Fv2%2Fmedia&parent=9"}],"curies":[{"name":"wp","href":"https:\/\/api.w.org\/{rel}","templated":true}]}}