{"id":8,"date":"2018-01-29T16:11:27","date_gmt":"2018-01-29T15:11:27","guid":{"rendered":"https:\/\/veldbachschrecken.de\/wordpress\/?page_id=8"},"modified":"2018-01-29T16:28:47","modified_gmt":"2018-01-29T15:28:47","slug":"sage","status":"publish","type":"page","link":"https:\/\/veldbachschrecken.de\/?page_id=8","title":{"rendered":"Sage"},"content":{"rendered":"<p style=\"text-align: center;\">Es waren dunkle Zeiten. Es war die Zeit, als die Druiden noch die wahren Herrscher \u00fcber das keltische und allemannische Volk waren.<br \/>\nFeldherren, Stammesh\u00e4uptlinge , K\u00f6nige, ja sogar die r\u00f6mischen C\u00e4saren f\u00fcrchteten sich vor ihnen, suchten dennoch h\u00e4ufig Rat und<br \/>\nBeistand bei diesen unheimlichen Meistern der Magie, Zauberkunst..<br \/>\nEin Druide namens Kelpie lebte vor weit \u00fcber 2000 Jahren an der Quelle des Veldbachs.<br \/>\nEr sorgte dort mit seinen Mitteln f\u00fcr das harmonische Zusammenleben von Menschen, Tieren und Pflanzen.<br \/>\nSein Zauber reichte von der Quelle bis zur M\u00fcndung des Veldbachs. Seine Herrschaft \u00fcbte er weise und von den Menschen unbemerkt aus.<br \/>\nEr wurde von Wald- und Flu\u00dfgeistern geachtet und in seinem Tun unterst\u00fczt.<br \/>\nEs begab sich nun eines Tages, da\u00df sich die Waldgeister und die Flu\u00dfgeister zerstritten. W\u00e4hrend dieses Streites hinderten die Flu\u00dfgeister<br \/>\ndie Tiere des Waldes daran vom Wasser des Veldbachs zu trinken, weshalb nach und nach die Tiere begannen den Wald zu verlassen und<br \/>\nnach neuen Quellen zu suchen. Der Druide sah dies mit Sorge, konnte die Flu\u00dfgeister jedoch nicht dazu bewegen den Tieren wieder das Trinken<br \/>\naus dem Bach zu erlauben. Genausowenig konnte er die Waldgeister dazu bewegen den Streit mit den Flu\u00dfgeistern beizulegen.<br \/>\nIn seiner Not wandte er sich an eine handvoll Menschen, welche in der N\u00e4he des Veldbachs am Fu\u00dfe des heutigen Schwarzwaldes lebten.<br \/>\nDiese bat er um Hilfe und versprach ihnen hierf\u00fcr ein sorgenfreies Leben. Die Menschen folgten den Anweisungen des Druiden und<br \/>\nes gelang ihnen gemeinsam den Streit der Geister zu schlichten.<br \/>\nDie Menschen brauchten von nun an nicht mehr m\u00fchsam f\u00fcr ihren Lebenunterhalt zu sorgen. Sie bekamen alles was sie brauchten von den Geistern.<br \/>\nZu jeder Geburt eines Menschenkindes kam Kelpie und gab ihm seinen Segen. Doch nur wenige Jahre sp\u00e4ter kam seltsamer Besucher<br \/>\naus dem Morgenland in dieses Paradies. Er \u00fcberredete die Bewohner mit ihm zu handeln. Er bot Silber und Gold f\u00fcr B\u00e4ume und alle anderen<br \/>\nFr\u00fcchte des Waldes. Zum Abtransport der gef\u00e4llten B\u00e4ume sollte der Veldbach dienen.<br \/>\nDa die Gier der Menschen letztendlich \u00fcber die Vernunft siegte (wie immer) wurden die W\u00e4lder um den Veldbach immer weiter gelichtet.<br \/>\nDer Veldbach wurde immer mehr durch die Menschen verschmutzt.<br \/>\nAlle Warnungen des Druiden wurden von den Menschen in den Wind geschlagen. Und da geschah es.<br \/>\nPl\u00f6tzlich waren alle Kinder der Menschen spurlos verschwunden. So sehr die Leute auch suchten, sie konnten ihre Kinder nicht mehr finden.<br \/>\nIn der gr\u00f6\u00dften Verzweiflung ging eine Mutter zu dem Druiden und bat ihn ihr zu sagen, wo ihre Kinder und die Kinder der anderen seien.<br \/>\nKelpie f\u00fchrte sie schweigend an einen Felsen in der Mitte ihres Dorfes. Dort rief er die Wald &#8211; u. Flu\u00dfgeister zu sich und begann mit ihnen um den Stein zu tanzen.<br \/>\nEs war ein magischer, stiller Tanz. Blitze zuckten vom Himmel, die Sonne wurde blutrot und die B\u00e4ume neigten sich als ob ein Orkan w\u00fcten w\u00fcrde.<br \/>\nEs war aber Windstill, kein Ton, kein Ger\u00e4usch war h\u00f6ren. Die Luft wurde eisig und roch nach Moder. Nun bekam der Stein Risse. Er teilte sich und<br \/>\nauf einmal lagen soviele Gesteinsbrocken vor der Frau, wie Kinder im Dorf fehlten. Die Geister verschwanden aber die Sonne behielt ihre blutige Farbe.<br \/>\n&#8222;Eure Kinder liegen euch und eurer Habsucht zu F\u00fc\u00dfen!&#8220; rief Kelpie.<br \/>\nDie Frau brach zusammen und bettelte, flehte herzzerrei\u00dfend um das Leben der Kinder. Schlie\u00dflich hatte der Druide Mitleid und nahm den Zauber von den Kindern.<br \/>\nDiese waren jedoch fortan verflucht.<br \/>\nBei jedem Frevel wider die Natur \u00e4nderten sie ihre Gestalt. Ihre Gesichter mutierten zu grauenhaften Fratzen.<br \/>\nIhre Eckz\u00e4hne ragten wie blutige Pf\u00e4hle aus dem Mund. Dann sammelten sie sich an dem Ort, an dem der Felsbrocken lag<br \/>\n(wenn ihr den Ort heute sucht, dann m\u00fc\u00dft ihr zwischen dem Klauskirchel, dem &#8222;Adler&#8220; und dem Veldbach suchen). Dort wurde der Frevler bestraft.<br \/>\nNach und nach ersetzte das Christentum die alte Religionen. Die Druiden verschwanden und mit ihnen auch die alten Geister und D\u00e4monen.<br \/>\nAber der Fluch Kelpie\u00b4s dauerte an.<br \/>\nIn alten Schriften und Zauberb\u00fcchern, wie das Romanus B\u00fcchlein, sind noch heute verschiedene Formeln zu finden, welche D\u00e4monen wie<br \/>\ndie Veldbachschrecken zu beschw\u00f6ren verm\u00f6gen.<br \/>\nNachfolgend nun ein Zauber, welcher das Vieh und Wild zu besch\u00fctzen im Stande sein soll.<br \/>\nS A T O R<br \/>\nA R E P O<br \/>\nT E N E T<br \/>\nO P E R A<br \/>\nR O T A S<br \/>\nUm einen Velbachschreck zu rufen bedarf es jedoch eines bestimmten Siegels. Es ist das Siegel des Marbuel. Es ist dies der drittm\u00e4chtigste H\u00f6llenf\u00fcrst,<br \/>\nwelcher jedoch durch Gabriel seine Macht auch f\u00fcr gute Dinge einzusetzen vermag.<br \/>\nEin weiterer Zauberspruch der in der Lage sein soll in der Mittsommernacht einen Veldbachschreck herbeizurufen lautet:<br \/>\nOsola mica rama lamahi<br \/>\nVolase cala maja mira salame<br \/>\nViemisa molasola Rama Afsala<br \/>\nMirahel Zorabeli Assaja<br \/>\nJedoch in der Zeit vom 11.11. eines jeden Jahres bis manchmal in den M\u00e4rz des darauffolgenden Jahres kommen die Veldbachschrecken aus ihren Verstecken<br \/>\nund \u00e4rgern alle Leute, welche sie zu Gesicht bekommen. Allerdings sind sie von Magie und Zauberei umgestiegen auf Konfetti und Bonbons f\u00fcr Kinder.<br \/>\nEs gelingt ihnen jedoch immer noch, die Leute erschreckend ins Bockshorn zu jagen<\/p>\n","protected":false},"excerpt":{"rendered":"<p>Es waren dunkle Zeiten. Es war die Zeit, als die Druiden noch die wahren Herrscher \u00fcber das keltische und allemannische Volk waren. Feldherren, Stammesh\u00e4uptlinge , K\u00f6nige, ja sogar die r\u00f6mischen C\u00e4saren f\u00fcrchteten sich vor ihnen, &hellip;<\/p>\n","protected":false},"author":4,"featured_media":0,"parent":0,"menu_order":0,"comment_status":"closed","ping_status":"closed","template":"template-fullwidth.php","meta":{"ngg_post_thumbnail":0,"footnotes":""},"class_list":["post-8","page","type-page","status-publish","hentry"],"_links":{"self":[{"href":"https:\/\/veldbachschrecken.de\/index.php?rest_route=\/wp\/v2\/pages\/8","targetHints":{"allow":["GET"]}}],"collection":[{"href":"https:\/\/veldbachschrecken.de\/index.php?rest_route=\/wp\/v2\/pages"}],"about":[{"href":"https:\/\/veldbachschrecken.de\/index.php?rest_route=\/wp\/v2\/types\/page"}],"author":[{"embeddable":true,"href":"https:\/\/veldbachschrecken.de\/index.php?rest_route=\/wp\/v2\/users\/4"}],"replies":[{"embeddable":true,"href":"https:\/\/veldbachschrecken.de\/index.php?rest_route=%2Fwp%2Fv2%2Fcomments&post=8"}],"version-history":[{"count":3,"href":"https:\/\/veldbachschrecken.de\/index.php?rest_route=\/wp\/v2\/pages\/8\/revisions"}],"predecessor-version":[{"id":46,"href":"https:\/\/veldbachschrecken.de\/index.php?rest_route=\/wp\/v2\/pages\/8\/revisions\/46"}],"wp:attachment":[{"href":"https:\/\/veldbachschrecken.de\/index.php?rest_route=%2Fwp%2Fv2%2Fmedia&parent=8"}],"curies":[{"name":"wp","href":"https:\/\/api.w.org\/{rel}","templated":true}]}}